{"id":355,"date":"2023-08-17T08:41:22","date_gmt":"2023-08-17T08:41:22","guid":{"rendered":"http:\/\/localhost:10212\/?page_id=355"},"modified":"2024-01-23T10:10:12","modified_gmt":"2024-01-23T10:10:12","slug":"about-the-gallery","status":"publish","type":"page","link":"https:\/\/www.galerialomnica.sk\/en\/about-the-gallery\/","title":{"rendered":"About the gallery"},"content":{"rendered":"<section class=\"l-section wpb_row us_custom_f4e2503b gl_header_hero height_auto\"><div class=\"l-section-h i-cf\"><div class=\"g-cols vc_row via_grid cols_1 laptops-cols_inherit tablets-cols_inherit mobiles-cols_1 valign_top type_default stacking_default\"><div class=\"wpb_column vc_column_container\"><div class=\"vc_column-inner\"><div class=\"w-image us_custom_774ae771 black-overlay align_none\"><div class=\"w-image-h\"><img loading=\"lazy\" decoding=\"async\" width=\"1024\" height=\"371\" src=\"https:\/\/www.galerialomnica.sk\/wp-content\/uploads\/2023\/09\/galeria-lomnica-1-1024x371.png\" class=\"attachment-large size-large\" alt=\"\" srcset=\"https:\/\/www.galerialomnica.sk\/wp-content\/uploads\/2023\/09\/galeria-lomnica-1-1024x371.png 1024w, https:\/\/www.galerialomnica.sk\/wp-content\/uploads\/2023\/09\/galeria-lomnica-1-300x109.png 300w, https:\/\/www.galerialomnica.sk\/wp-content\/uploads\/2023\/09\/galeria-lomnica-1.png 1404w\" sizes=\"auto, (max-width: 1024px) 100vw, 1024px\" \/><\/div><\/div><div class=\"wpb_text_column us_custom_f6ac1cac gl_header_hero_content has_text_color\"><div class=\"wpb_wrapper\"><p>The Lomnica Gallery<\/p>\n<\/div><\/div><\/div><\/div><\/div><\/div><\/section><section class=\"l-section wpb_row us_custom_207e4a0d height_medium\"><div class=\"l-section-overlay\" style=\"background:linear-gradient(0deg,#ffffff,rgba(255,255,255,0.3))\"><\/div><div class=\"l-section-h i-cf\"><div class=\"g-cols vc_row via_grid cols_1 laptops-cols_inherit tablets-cols_inherit mobiles-cols_1 valign_middle type_default stacking_default\"><div class=\"wpb_column vc_column_container\"><div class=\"vc_column-inner\"><div class=\"wpb_text_column us_custom_c849069b has_text_color\"><div class=\"wpb_wrapper\"><p><em>&#8220;I believe that above all it is necessary to create with love. In my opinion, art and love are the only means we have at our disposal to reshape this world.\u201d <\/em>M\u00e1ria Medveck\u00e1<\/p>\n<\/div><\/div><div class=\"wpb_text_column us_custom_c849069b has_text_color hide_on_default hide_on_laptops hide_on_tablets hide_on_mobiles\"><div class=\"wpb_wrapper\"><p>V dne\u0161nom upon\u00e1h\u013eanom svete by sme V\u00e1m radi dopriali mal\u00e9 zastavenie a mo\u017eno aj jedine\u010dn\u00fa chv\u00ed\u013eu na zamyslenie.<\/p>\n<\/div><\/div><\/div><\/div><\/div><\/div><\/section><section class=\"l-section wpb_row us_custom_887a049b height_medium width_custom\" style=\"--site-content-width:1090px;\"><div class=\"l-section-h i-cf\"><div class=\"g-cols vc_row via_grid cols_2 laptops-cols_inherit tablets-cols_inherit mobiles-cols_1 valign_top type_default stacking_default\" style=\"grid-gap:3.3rem;\"><div class=\"wpb_column vc_column_container\"><div class=\"vc_column-inner\"><div class=\"w-image us_custom_0b758544 align_none\"><div class=\"w-image-h\"><img loading=\"lazy\" decoding=\"async\" width=\"672\" height=\"825\" src=\"https:\/\/www.galerialomnica.sk\/wp-content\/uploads\/2023\/09\/Kaviarec-Mozart.png\" class=\"attachment-full size-full\" alt=\"\" srcset=\"https:\/\/www.galerialomnica.sk\/wp-content\/uploads\/2023\/09\/Kaviarec-Mozart.png 672w, https:\/\/www.galerialomnica.sk\/wp-content\/uploads\/2023\/09\/Kaviarec-Mozart-244x300.png 244w\" sizes=\"auto, (max-width: 672px) 100vw, 672px\" \/><\/div><\/div><\/div><\/div><div class=\"wpb_column vc_column_container\"><div class=\"vc_column-inner\"><div class=\"w-vwrapper us_custom_12e81331 align_none valign_top\" style=\"--vwrapper-gap:1rem\"><div class=\"wpb_text_column us_custom_3c10ab7c has_text_color\"><div class=\"wpb_wrapper\"><p>The First Lady is breathing again<\/p>\n<\/div><\/div><div class=\"wpb_text_column us_custom_c58c1379 text has_text_color\"><div class=\"wpb_wrapper\"><p>At the very beginning, the idea was to create a gallery under the noble Lomnick\u00fd Peak. It was this idea that brought us to a shabby, but still beautiful, Art Nouveau-style, half-timbered building with exceptional architecture. The loneliness and desolation of the place did not discourage us, on the contrary. The building left a deep impression on us, which began to transform from disparate thoughts through more specific ideas to a concept with clear contours.<\/p>\n<p>The genesis of thought processes eventually created a unique and beautiful project \u2013 a gallery and a hotel in one. After all, Hotel Lomnica was for many years a place where art lived and where its nobility was soaked up by artists, visitors and residents of the surrounding area. We want to provide you with experiences interwoven with art even today.<\/p>\n<p>Hotel Lomnica, the First Lady of the Tatras, breathes life and art again, also thanks to the unique Lomnica Gallery, which exposition can be found not only in Tatransk\u00e1 Lomnica, but also in the P\u00e1lffy Manor House in Sv\u00e4t\u00fd Jur.<\/p>\n<\/div><\/div><\/div><\/div><\/div><\/div><\/div><\/section><section class=\"l-section wpb_row us_custom_82dc0d1c height_medium width_custom\" style=\"--site-content-width:1090px;\"><div class=\"l-section-h i-cf\"><div class=\"g-cols vc_row via_grid cols_2 laptops-cols_inherit tablets-cols_inherit mobiles-cols_1 valign_top type_default stacking_default\" style=\"grid-gap:3.30rem;\"><div class=\"wpb_column vc_column_container\"><div class=\"vc_column-inner\"><div class=\"w-image us_custom_79b92ff1 hide_on_default hide_on_laptops align_none\"><div class=\"w-image-h\"><img loading=\"lazy\" decoding=\"async\" width=\"672\" height=\"825\" src=\"https:\/\/www.galerialomnica.sk\/wp-content\/uploads\/2023\/09\/Kaviarec-Mozart.png\" class=\"attachment-full size-full\" alt=\"\" srcset=\"https:\/\/www.galerialomnica.sk\/wp-content\/uploads\/2023\/09\/Kaviarec-Mozart.png 672w, https:\/\/www.galerialomnica.sk\/wp-content\/uploads\/2023\/09\/Kaviarec-Mozart-244x300.png 244w\" sizes=\"auto, (max-width: 672px) 100vw, 672px\" \/><\/div><\/div><div class=\"w-vwrapper us_custom_0b758544 align_none valign_top\" style=\"--vwrapper-gap:1rem\"><div class=\"wpb_text_column us_custom_3c10ab7c has_text_color\"><div class=\"wpb_wrapper\"><p>Exposition Hotel Lomnica<\/p>\n<\/div><\/div><div class=\"wpb_text_column us_custom_c58c1379 text has_text_color\"><div class=\"wpb_wrapper\"><p>In the hotel you will find gallery works by painters from the Austro-Hungarian Empire (at the turn of the 19th and\u00a020th centuries), the first Czechoslovak Republic, as well as works by Slovak authors of post-war modernism.<\/p>\n<p>The historical part of the hotel hides works from the turn of the century, which are signed by the authors such as <em>Ladislav Med\u0148ansk\u00fd, Dominik Skuteck\u00fd, Martin Benka, Janko Alexy, Milo\u0161 Alexander Bazovsk\u00fd, Gust\u00e1v Mall\u00fd, J\u00e1n H\u00e1la, Imrich Weiner-Kr\u00e1\u013e <\/em>and others.<\/p>\n<p>In the new part of the hotel building, you will be enchanted by the gallery works of <em>Milana Laluha, M\u00e1ria Medveck\u00e1, Ferdinand Hlo\u017en\u00edk, Vincent Hlo\u017en\u00edk, Vladim\u00edr Komp\u00e1nek<\/em> and other authors.<\/p>\n<p>Permanent exhibitions within the hotel premises always complement the current exhibitions in the Large and\u00a0Small Hall of the Lomnica Gallery. Exhibitions dedicated to specific authors, such as the Orava Story in Painting &#8211; author&#8217;s exhibition dedicated to M\u00e1ria Medveck\u00e1 or The Hall in Lomnica\u00a0 &#8211; author&#8217;s exhibition dedicated to J\u00e1n H\u00e1l, alternate thematically oriented expositions of several authors.<\/p>\n<\/div><\/div><\/div><\/div><\/div><div class=\"wpb_column vc_column_container hide_on_tablets hide_on_mobiles\"><div class=\"vc_column-inner\"><div class=\"w-image us_custom_a15f9151 align_none\"><div class=\"w-image-h\"><img loading=\"lazy\" decoding=\"async\" width=\"672\" height=\"825\" src=\"https:\/\/www.galerialomnica.sk\/wp-content\/uploads\/2023\/09\/Kaviarec-Mozart.png\" class=\"attachment-full size-full\" alt=\"\" srcset=\"https:\/\/www.galerialomnica.sk\/wp-content\/uploads\/2023\/09\/Kaviarec-Mozart.png 672w, https:\/\/www.galerialomnica.sk\/wp-content\/uploads\/2023\/09\/Kaviarec-Mozart-244x300.png 244w\" sizes=\"auto, (max-width: 672px) 100vw, 672px\" \/><\/div><\/div><\/div><\/div><\/div><\/div><\/section><section class=\"l-section wpb_row us_custom_887a049b height_medium width_custom\" style=\"--site-content-width:1090px;\"><div class=\"l-section-h i-cf\"><div class=\"g-cols vc_row via_grid cols_2 laptops-cols_inherit tablets-cols_inherit mobiles-cols_1 valign_top type_default stacking_default\" style=\"grid-gap:3.3rem;\"><div class=\"wpb_column vc_column_container\"><div class=\"vc_column-inner\"><div class=\"w-image us_custom_0b758544 align_none\"><div class=\"w-image-h\"><img loading=\"lazy\" decoding=\"async\" width=\"672\" height=\"825\" src=\"https:\/\/www.galerialomnica.sk\/wp-content\/uploads\/2023\/09\/Kaviarec-Mozart.png\" class=\"attachment-full size-full\" alt=\"\" srcset=\"https:\/\/www.galerialomnica.sk\/wp-content\/uploads\/2023\/09\/Kaviarec-Mozart.png 672w, https:\/\/www.galerialomnica.sk\/wp-content\/uploads\/2023\/09\/Kaviarec-Mozart-244x300.png 244w\" sizes=\"auto, (max-width: 672px) 100vw, 672px\" \/><\/div><\/div><\/div><\/div><div class=\"wpb_column vc_column_container\"><div class=\"vc_column-inner\"><div class=\"w-vwrapper us_custom_12e81331 align_none valign_top\" style=\"--vwrapper-gap:1rem\"><div class=\"wpb_text_column us_custom_3c10ab7c has_text_color\"><div class=\"wpb_wrapper\"><p>The P\u00e1lffy Manor House exposition<\/p>\n<\/div><\/div><div class=\"wpb_text_column us_custom_c58c1379 text has_text_color\"><div class=\"wpb_wrapper\"><p>As with the Lomnica Hotel, we were enchanted by the unique atmosphere in\u00a0Sv\u00e4t\u00fd Jur, which was dormant in\u00a0an abandoned Renaissance manor house. In addition to the place itself, the world of art came to life with the renovation of the Palffy Manor House in\u00a0its premises. It was thanks to the historical context that the idea came to combine the manor house with the exhibition of works capturing the personalities and\u00a0history of the Habsburg monarchy.<\/p>\n<p>The walls of the manor house hide many artistic treasures of European painting from\u00a0the 16th- the 19th century, which depict key figures of the Habsburg family. In the exhibition you will find works by important European court portraitists such as <em>Martin van Meytens, Frans van Stampart, Carl Caspar, Franz Schrotzberg, Gyula Bencz\u00far<\/em> and others. The collection of portrait paintings is complemented by works depicting significant historical events of a predominantly military nature by authors such as <em>August Querfurt, Georg Philipp Rugendas, Jan van Huchtenburgh \u010di Jacobsz (Jan) van der Stoffe<\/em>.<\/p>\n<p>We wish you an exceptional artistic experience!<\/p>\n<\/div><\/div><\/div><\/div><\/div><\/div><\/div><\/section><section class=\"l-section wpb_row us_custom_bfc5b51f height_medium\"><div class=\"l-section-h i-cf\"><div class=\"g-cols vc_row via_grid cols_1 laptops-cols_inherit tablets-cols_inherit mobiles-cols_1 valign_top type_default stacking_default\"><div class=\"wpb_column vc_column_container\"><div class=\"vc_column-inner\"><section class=\"l-section wpb_row us_custom_0f219ac5 height_medium\"><div class=\"l-section-h i-cf\"><div class=\"g-cols vc_row via_grid cols_1 laptops-cols_inherit tablets-cols_inherit mobiles-cols_1 valign_top type_default stacking_default\"><div class=\"wpb_column vc_column_container\"><div class=\"vc_column-inner\"><div class=\"wpb_text_column us_custom_eb849559\"><div class=\"wpb_wrapper\"><h1>Visit us<\/h1>\n<\/div><\/div><\/div><\/div><\/div><\/div><\/section><section class=\"l-section wpb_row us_custom_278d8c57 height_medium\"><div class=\"l-section-h i-cf\"><div class=\"g-cols vc_row via_grid cols_2 laptops-cols_inherit tablets-cols_inherit mobiles-cols_1 valign_top type_default stacking_default\"><div class=\"wpb_column vc_column_container\"><div class=\"vc_column-inner\"><div class=\"w-hwrapper us_custom_9d0fa2ff align_none valign_top\" style=\"--hwrapper-gap:0rem\"><div class=\"w-vwrapper us_custom_f5f8503b align_left valign_top\" style=\"--vwrapper-gap:0.5rem\"><div class=\"wpb_text_column subtitle-20\"><div class=\"wpb_wrapper\"><p>Exposition<br \/>\nTatransk\u00e1 Lomnica<\/p>\n<\/div><\/div><div class=\"wpb_text_column us_custom_a265a9ce text text-16\"><div class=\"wpb_wrapper\"><p>Hotel Lomnica<br \/>\nTatransk\u00e1 Lomnica 92<br \/>\n059 60 Vysok\u00e9 Tatry<\/p>\n<\/div><\/div><div class=\"wpb_text_column us_custom_a265a9ce text text-16\"><div class=\"wpb_wrapper\"><p><a style=\"text-decoration: underline;\" href=\"https:\/\/maps.app.goo.gl\/rru6zGEngk8hCZGS8\" target=\"_blank\" rel=\"noopener\">Map<\/a><br \/>\n<a style=\"text-decoration: underline;\" href=\"\/en\/contact\">Opening hours<\/a><\/p>\n<\/div><\/div><\/div><\/div><\/div><\/div><div class=\"wpb_column vc_column_container\"><div class=\"vc_column-inner\"><div class=\"w-hwrapper us_custom_bc993e00 align_none valign_top\" style=\"--hwrapper-gap:0rem\"><div class=\"w-vwrapper us_custom_f5f8503b align_left valign_top\" style=\"--vwrapper-gap:0.5rem\"><div class=\"wpb_text_column subtitle-20\"><div class=\"wpb_wrapper\"><p>Exposition<br \/>\nSv\u00e4t\u00fd Jur<\/p>\n<\/div><\/div><div class=\"wpb_text_column us_custom_a265a9ce text text-16\"><div class=\"wpb_wrapper\"><p>Ka\u0161tie\u013e P\u00e1lffy<br \/>\nProstredn\u00e1 49<br \/>\n900 21 Sv\u00e4t\u00fd Jur<\/p>\n<\/div><\/div><div class=\"wpb_text_column us_custom_a265a9ce text text-16\"><div class=\"wpb_wrapper\"><p><a style=\"text-decoration: underline;\" href=\"https:\/\/maps.app.goo.gl\/VnUBEmbzmkpvG12z5\" target=\"_blank\" rel=\"noopener\">Map<\/a><br \/>\n<a style=\"text-decoration: underline;\" href=\"\/en\/contact\">Opening hours<\/a><\/p>\n<\/div><\/div><\/div><\/div><\/div><\/div><\/div><\/div><\/section><section class=\"l-section wpb_row us_custom_2492b792 height_medium\"><div class=\"l-section-h i-cf\"><div class=\"g-cols vc_row via_grid cols_1 laptops-cols_inherit tablets-cols_inherit mobiles-cols_1 valign_top type_default stacking_default\"><div class=\"wpb_column vc_column_container\"><div class=\"vc_column-inner\"><div class=\"w-btn-wrapper align_center\"><a class=\"w-btn us-btn-style_1\" title=\"Contact\" href=\"https:\/\/www.galerialomnica.sk\/en\/contact\/\"><span class=\"w-btn-label\">All contacts<\/span><\/a><\/div>\n            <div \n                class=\"elfsight-widget-popup elfsight-widget\" \n                data-elfsight-popup-options=\"%7B%22blocks%22%3A%5B%7B%22id%22%3A%2224995e58-b435-40bf-a727-762155232cc4%22%2C%22type%22%3A%22text%22%2C%22titleText%22%3A%22Sample%20Title%22%2C%22titleColor%22%3A%22rgb%2817%2C%2017%2C%2017%29%22%2C%22titleFontSize%22%3A24%2C%22titleFontWeight%22%3A400%2C%22textText%22%3A%22%5CnDear%20visitors%2C%26nbsp%3B%3Cdiv%3Eguided%20tours%20are%20%3Cb%3Ecurrently%20suspended%3C%5C%2Fb%3E.%20We%20warmly%20invite%20you%20to%20discover%20the%20beauty%20of%20our%20gallery%20%3Cb%3Eduring%20an%20individual%20visit%3C%5C%2Fb%3E.%3Cbr%3E%3C%5C%2Fdiv%3E%22%2C%22textColor%22%3A%22rgb%2817%2C%2017%2C%2017%29%22%2C%22textFontSize%22%3A17%2C%22bannerFile%22%3Anull%2C%22bannerPosition%22%3A%22right%22%2C%22imageFile%22%3Anull%2C%22imageScale%22%3A100%2C%22videoUrl%22%3A%22%22%2C%22videoAutoplay%22%3Atrue%2C%22couponCode%22%3A%22COUPON%20CODE%22%2C%22couponClickToCopyText%22%3A%22CLICK%20TO%20COPY%22%2C%22couponCopiedText%22%3A%22COPIED%21%22%2C%22couponColor%22%3A%22rgb%2817%2C%2017%2C%2017%29%22%2C%22couponFontSize%22%3A16%2C%22buttonAction%22%3A%22redirect%22%2C%22buttonUrl%22%3A%22%22%2C%22buttonOpenLinkInNewTab%22%3Atrue%2C%22buttonText%22%3A%22Button%20Text%22%2C%22buttonStyle%22%3A%22filled%22%2C%22buttonColor%22%3A%22rgb%2817%2C%2017%2C%2017%29%22%2C%22buttonFontSize%22%3A16%2C%22linkAction%22%3A%22redirect%22%2C%22linkUrl%22%3A%22%22%2C%22linkText%22%3A%22Sample%20Text%22%2C%22linkColor%22%3A%22rgb%2817%2C%2017%2C%2017%29%22%2C%22linkFontSize%22%3A17%2C%22separatorColor%22%3A%22rgba%2817%2C%2017%2C%2017%2C%20.2%29%22%2C%22separatorMargin%22%3A0%2C%22spacingSize%22%3A16%2C%22iframeUrl%22%3Anull%2C%22iframeWidth%22%3A%22auto%22%2C%22iframeHeight%22%3A300%2C%22htmlCode%22%3A%22%22%2C%22formFields%22%3A%5B%7B%22id%22%3A%22e80f1644-bd32-4789-94f5-4e4063caae5c%22%2C%22type%22%3A%22email%22%2C%22label%22%3A%22Email%22%7D%5D%2C%22formButtonText%22%3A%22Submit%22%2C%22undefined%22%3Anull%2C%22iframeAllowAutoplay%22%3Atrue%2C%22iframeAllowCamera%22%3Afalse%2C%22iframeAllowMicrophone%22%3Afalse%2C%22formSubmitAction%22%3A%22closePopup%22%2C%22formSubmitActionRedirectUrl%22%3A%22%22%2C%22formStyle%22%3A%22filled%22%2C%22formFontSize%22%3A16%2C%22formButtonColor%22%3A%22rgb%2817%2C%2017%2C%2017%29%22%2C%22formInputColor%22%3A%22rgb%28255%2C%20255%2C%20255%29%22%2C%22label%22%3A%22Text%22%7D%5D%2C%22layout%22%3A%22modal%22%2C%22width%22%3A500%2C%22popupBlocksAlignment%22%3A%22center%22%2C%22popupShape%22%3A%22rectangle%22%2C%22popupBackgroundColor%22%3A%22rgb%28252%2C%20241%2C%20196%29%22%2C%22popupBackgroundImage%22%3Anull%2C%22popupBackgroundImageOverlayColor%22%3A%22%22%2C%22overlayVisible%22%3Atrue%2C%22overlayClose%22%3Atrue%2C%22overlayBackgroundColor%22%3A%22rgba%2817%2C%2017%2C%2017%2C%200.7%29%22%2C%22overlayBackgroundImage%22%3Anull%2C%22overlayBackgroundImageOverlayColor%22%3A%22%22%2C%22closeButtonVisible%22%3Atrue%2C%22closeButtonColor%22%3A%22rgba%2817%2C%2017%2C%2017%2C%200.7%29%22%2C%22triggerPageLoadEnabled%22%3Afalse%2C%22triggerTimeOnPageEnabled%22%3Atrue%2C%22triggerTimeOnPageDuration%22%3A5%2C%22triggerScrollEnabled%22%3Afalse%2C%22triggerScrollPosition%22%3A50%2C%22triggerScrollToElementEnabled%22%3Afalse%2C%22triggerScrollToElementId%22%3Anull%2C%22triggerClickEnabled%22%3Afalse%2C%22triggerClickElementId%22%3Anull%2C%22triggerExitIntentEnabled%22%3Afalse%2C%22displayFrequency%22%3A%22daily%22%2C%22displayPages%22%3A%22allPages%22%2C%22displayExcludedPages%22%3A%5B%5D%2C%22displaySpecificPages%22%3A%5B%5D%2C%22displayDevices%22%3A%5B%22desktop%22%2C%22tablet%22%2C%22mobile%22%5D%2C%22widgetId%22%3A%222%22%7D\" \n                data-elfsight-popup-version=\"1.1.0\"\n                data-elfsight-widget-id=\"elfsight-popup-2\">\n            <\/div>\n            <\/div><\/div><\/div><\/div><\/section>\n<\/div><\/div><\/div><\/div><\/section>\n","protected":false},"excerpt":{"rendered":"The Lomnica Gallery &#8220;I believe that above all it is necessary to create with love. In my opinion, art and love are the only means we have at our disposal to reshape this world.\u201d M\u00e1ria Medveck\u00e1 V dne\u0161nom upon\u00e1h\u013eanom svete by sme V\u00e1m radi dopriali mal\u00e9 zastavenie a mo\u017eno aj jedine\u010dn\u00fa chv\u00ed\u013eu na zamyslenie. The...","protected":false},"author":1,"featured_media":0,"parent":0,"menu_order":0,"comment_status":"closed","ping_status":"closed","template":"","meta":{"inline_featured_image":false,"footnotes":""},"class_list":["post-355","page","type-page","status-publish","hentry"],"acf":[],"_links":{"self":[{"href":"https:\/\/www.galerialomnica.sk\/en\/wp-json\/wp\/v2\/pages\/355","targetHints":{"allow":["GET"]}}],"collection":[{"href":"https:\/\/www.galerialomnica.sk\/en\/wp-json\/wp\/v2\/pages"}],"about":[{"href":"https:\/\/www.galerialomnica.sk\/en\/wp-json\/wp\/v2\/types\/page"}],"author":[{"embeddable":true,"href":"https:\/\/www.galerialomnica.sk\/en\/wp-json\/wp\/v2\/users\/1"}],"replies":[{"embeddable":true,"href":"https:\/\/www.galerialomnica.sk\/en\/wp-json\/wp\/v2\/comments?post=355"}],"version-history":[{"count":0,"href":"https:\/\/www.galerialomnica.sk\/en\/wp-json\/wp\/v2\/pages\/355\/revisions"}],"wp:attachment":[{"href":"https:\/\/www.galerialomnica.sk\/en\/wp-json\/wp\/v2\/media?parent=355"}],"curies":[{"name":"wp","href":"https:\/\/api.w.org\/{rel}","templated":true}]}}